{"id":3,"date":"2023-05-02T15:23:08","date_gmt":"2023-05-02T13:23:08","guid":{"rendered":"http:\/\/wernerkracht.de\/?page_id=3"},"modified":"2025-12-05T11:23:53","modified_gmt":"2025-12-05T10:23:53","slug":"datenschutzerklaerung","status":"publish","type":"page","link":"https:\/\/wernerkracht.de\/?page_id=3","title":{"rendered":"Datenschutzerkl\u00e4rung"},"content":{"rendered":"\n<div style=\"height:100px\" aria-hidden=\"true\" class=\"wp-block-spacer\"><\/div>\n\n\n\n<p class=\"has-secondary-color has-text-color has-link-color has-large-font-size wp-elements-39e8e1e2f4ab38d5141eed987182117b\">Datenschutzerkl\u00e4rung<\/p>\n\n\n\n<pre class=\"wp-block-preformatted has-luminous-vivid-amber-color has-text-color has-link-color has-medium-font-size wp-elements-b1267f7509be9a53425f339eef1f1ffb\"><br><br>1. Verantwortlich f\u00fcr die Datenverarbeitung auf dieser Website ist:<br>Werner Kracht <br>An den Bleichwiesen 9 - 29476 Gusborn <br>werner@wernerkracht.com<br>Phone: +49 5865988894<br><br>2. Erhebung und Speicherung personenbezogener Daten<br><br>Wir erheben personenbezogene Daten nur, wenn Sie uns diese freiwillig mitteilen (z.\u202fB. \u00fcber das Kontaktformular oder per E-Mail).<br><br>3. Zweck der Verarbeitung<br>Die erhobenen Daten werden ausschlie\u00dflich zur Bearbeitung Ihrer Anfrage, zur Vertragsabwicklung oder zur Bereitstellung unserer Online-Angebote genutzt.<br><br>4. Weitergabe von Daten<br>Eine Weitergabe an Dritte erfolgt nur, wenn dies gesetzlich erlaubt ist oder Sie ausdr\u00fccklich eingewilligt haben.<br><br>5. Cookies<br>Unsere Website verwendet Cookies, um die Nutzung zu erleichtern und bestimmte Funktionen bereitzustellen. Sie k\u00f6nnen die Speicherung von Cookies in Ihrem Browser deaktivieren.<br><br>6. Server-Logfiles<br>Beim Besuch unserer Website werden automatisch Informationen wie IP-Adresse, Browsertyp, Betriebssystem und Uhrzeit des Zugriffs gespeichert. Diese Daten dienen ausschlie\u00dflich der technischen Administration und Sicherheit.<br><br>7. Plugins und Tools<br>  Social Media &amp; externe Inhalte<br>      \u2022\tYouTube \/ Vimeo Einbettungen<br>   <br>  Design &amp; Darstellung<br>      \u2022\tGoogle Fonts <br><br>8. Rechte der Nutzer<br>Sie haben jederzeit das Recht auf:<br>\u2022\tAuskunft \u00fcber Ihre gespeicherten Daten<br>\u2022\tBerichtigung unrichtiger Daten<br>\u2022\tL\u00f6schung Ihrer Daten<br>\u2022\tEinschr\u00e4nkung der Verarbeitung<br>\u2022\tWiderspruch gegen die Verarbeitung<br>\u2022\tDaten\u00fcbertragbarkeit<br><br>9. Widerruf von Einwilligungen<br>Sie k\u00f6nnen eine einmal erteilte Einwilligung jederzeit mit Wirkung f\u00fcr die Zukunft widerrufen.<br><br>10. Beschwerderecht<br>Sie haben das Recht, sich bei einer Datenschutzaufsichtsbeh\u00f6rde zu beschweren.<br><br>11. SSL-\/TLS-Verschl\u00fcsselung<br>Diese Seite nutzt aus Sicherheitsgr\u00fcnden eine SSL-\/TLS-Verschl\u00fcsselung, um die \u00dcbertragung vertraulicher Inhalte zu sch\u00fctzen.<br>________________________________________<br><br><\/pre>\n\n\n\n<p class=\"has-vivid-cyan-blue-background-color has-background\"><\/p>\n","protected":false},"excerpt":{"rendered":"<p>Datenschutzerkl\u00e4rung 1. Verantwortlich f\u00fcr die Datenverarbeitung auf dieser Website ist:Werner Kracht An den Bleichwiesen 9 &#8211; 29476 Gusborn werner@wernerkracht.comPhone: +49 58659888942. Erhebung und Speicherung personenbezogener DatenWir erheben personenbezogene Daten nur, wenn Sie uns diese freiwillig mitteilen (z.\u202fB. \u00fcber das Kontaktformular oder per E-Mail).3. Zweck der VerarbeitungDie erhobenen Daten werden ausschlie\u00dflich zur Bearbeitung Ihrer Anfrage, zur [&hellip;]<\/p>\n","protected":false},"author":1,"featured_media":0,"parent":0,"menu_order":0,"comment_status":"closed","ping_status":"open","template":"","meta":{"_acf_changed":false,"footnotes":""},"class_list":["post-3","page","type-page","status-publish","hentry"],"acf":[],"_links":{"self":[{"href":"https:\/\/wernerkracht.de\/index.php?rest_route=\/wp\/v2\/pages\/3","targetHints":{"allow":["GET"]}}],"collection":[{"href":"https:\/\/wernerkracht.de\/index.php?rest_route=\/wp\/v2\/pages"}],"about":[{"href":"https:\/\/wernerkracht.de\/index.php?rest_route=\/wp\/v2\/types\/page"}],"author":[{"embeddable":true,"href":"https:\/\/wernerkracht.de\/index.php?rest_route=\/wp\/v2\/users\/1"}],"replies":[{"embeddable":true,"href":"https:\/\/wernerkracht.de\/index.php?rest_route=%2Fwp%2Fv2%2Fcomments&post=3"}],"version-history":[{"count":5,"href":"https:\/\/wernerkracht.de\/index.php?rest_route=\/wp\/v2\/pages\/3\/revisions"}],"predecessor-version":[{"id":897,"href":"https:\/\/wernerkracht.de\/index.php?rest_route=\/wp\/v2\/pages\/3\/revisions\/897"}],"wp:attachment":[{"href":"https:\/\/wernerkracht.de\/index.php?rest_route=%2Fwp%2Fv2%2Fmedia&parent=3"}],"curies":[{"name":"wp","href":"https:\/\/api.w.org\/{rel}","templated":true}]}}